{"id":1009,"date":"2016-01-18T16:55:34","date_gmt":"2016-01-18T15:55:34","guid":{"rendered":"http:\/\/www.artscape-norway.eu\/?page_id=1009"},"modified":"2016-01-19T16:00:18","modified_gmt":"2016-01-19T15:00:18","slug":"per-ritzler","status":"publish","type":"page","link":"https:\/\/www.artscape-norway.eu\/?page_id=1009","title":{"rendered":"Per Ritzler"},"content":{"rendered":"<p><a href=\"http:\/\/www.artscape-norway.eu\/wp-content\/uploads\/2015\/10\/portrety112.jpg\"><img loading=\"lazy\" decoding=\"async\" class=\"alignnone wp-image-1005\" src=\"http:\/\/www.artscape-norway.eu\/wp-content\/uploads\/2015\/10\/portrety112.jpg\" alt=\"portrety11\" width=\"215\" height=\"215\" srcset=\"https:\/\/www.artscape-norway.eu\/wp-content\/uploads\/2015\/10\/portrety112.jpg 1042w, https:\/\/www.artscape-norway.eu\/wp-content\/uploads\/2015\/10\/portrety112-150x150.jpg 150w, https:\/\/www.artscape-norway.eu\/wp-content\/uploads\/2015\/10\/portrety112-300x300.jpg 300w, https:\/\/www.artscape-norway.eu\/wp-content\/uploads\/2015\/10\/portrety112-1024x1024.jpg 1024w\" sizes=\"auto, (max-width: 215px) 100vw, 215px\" \/><\/a><\/p>\n<div><b>Per Ritzler<\/b> (b. 1954). Odpov\u011bdn\u00fd za\u00a0m\u00e9dia a mezin\u00e1rodn\u00ed vztahy v NTR v Norsku. Per Ritzler je b\u00fdval\u00fd novin\u00e1\u0159 a dopisovatel \u00a0\u0160v\u00e9dsk\u00e9 n\u00e1rodn\u00ed medi\u00e1ln\u00ed korporace, a tak\u00e9 obdobn\u00fdch organizac\u00ed ve Finsku a Norsku. Per Ritzler tak\u00e9 vedl svou vlastn\u00ed poradenskou spole\u010dnost v oblasti komunikace a \u017eurnalistiky.<\/div>\n<p>&nbsp;<\/p>\n","protected":false},"excerpt":{"rendered":"<p>Per Ritzler (b. 1954). Odpov\u011bdn\u00fd za\u00a0m\u00e9dia a mezin\u00e1rodn\u00ed vztahy v NTR v Norsku. Per Ritzler je b\u00fdval\u00fd novin\u00e1\u0159 a dopisovatel \u00a0\u0160v\u00e9dsk\u00e9 n\u00e1rodn\u00ed medi\u00e1ln\u00ed korporace, a&#8230;<\/p>\n","protected":false},"author":2,"featured_media":0,"parent":187,"menu_order":0,"comment_status":"closed","ping_status":"closed","template":"page-template-fullwidth.php","meta":{"om_disable_all_campaigns":false,"_monsterinsights_skip_tracking":false,"_monsterinsights_sitenote_active":false,"_monsterinsights_sitenote_note":"","_monsterinsights_sitenote_category":0,"ngg_post_thumbnail":0,"footnotes":""},"class_list":["post-1009","page","type-page","status-publish","hentry"],"aioseo_notices":[],"_links":{"self":[{"href":"https:\/\/www.artscape-norway.eu\/index.php?rest_route=\/wp\/v2\/pages\/1009","targetHints":{"allow":["GET"]}}],"collection":[{"href":"https:\/\/www.artscape-norway.eu\/index.php?rest_route=\/wp\/v2\/pages"}],"about":[{"href":"https:\/\/www.artscape-norway.eu\/index.php?rest_route=\/wp\/v2\/types\/page"}],"author":[{"embeddable":true,"href":"https:\/\/www.artscape-norway.eu\/index.php?rest_route=\/wp\/v2\/users\/2"}],"replies":[{"embeddable":true,"href":"https:\/\/www.artscape-norway.eu\/index.php?rest_route=%2Fwp%2Fv2%2Fcomments&post=1009"}],"version-history":[{"count":2,"href":"https:\/\/www.artscape-norway.eu\/index.php?rest_route=\/wp\/v2\/pages\/1009\/revisions"}],"predecessor-version":[{"id":1021,"href":"https:\/\/www.artscape-norway.eu\/index.php?rest_route=\/wp\/v2\/pages\/1009\/revisions\/1021"}],"up":[{"embeddable":true,"href":"https:\/\/www.artscape-norway.eu\/index.php?rest_route=\/wp\/v2\/pages\/187"}],"wp:attachment":[{"href":"https:\/\/www.artscape-norway.eu\/index.php?rest_route=%2Fwp%2Fv2%2Fmedia&parent=1009"}],"curies":[{"name":"wp","href":"https:\/\/api.w.org\/{rel}","templated":true}]}}