{"id":11,"date":"2015-07-29T13:23:21","date_gmt":"2015-07-29T11:23:21","guid":{"rendered":"http:\/\/www.artscape-norway.eu\/?page_id=11"},"modified":"2016-01-14T15:01:06","modified_gmt":"2016-01-14T14:01:06","slug":"organizator","status":"publish","type":"page","link":"https:\/\/www.artscape-norway.eu\/?page_id=11","title":{"rendered":"organiz\u00e1tor"},"content":{"rendered":"<p>Galerie Jaroslava Fragnera, s\u00eddl\u00edc\u00ed v historick\u00e9m centru Prahy, je jednou z m\u00e1la galeri\u00ed v \u010cesk\u00e9 republice v\u011bnuj\u00edc\u00edch se v\u00fdhradn\u011b prezentaci architektury. Existuje ji\u017e d\u00e9le ne\u017e p\u016fl stolet\u00ed a od roku 2006 ji provozuje spolek Architectura. Pravideln\u011b jsou zde p\u0159edstavov\u00e1ni \u010de\u0161t\u00ed, evrop\u0161t\u00ed i sv\u011btov\u00ed auto\u0159i, zejm\u00e9na progresivn\u00ed ateli\u00e9ry st\u0159edn\u00ed a nastupuj\u00edc\u00ed generace. GJF dlouhodob\u011b spolupracuje s \u0159adou evropsk\u00fdch architektonick\u00fdch galeri\u00ed a center i vzd\u011bl\u00e1vac\u00edch instituc\u00ed. \u00dazce spolupracuje s um\u011bleck\u00fdmi a technick\u00fdmi vysok\u00fdmi \u0161kolami, po\u0159\u00e1d\u00e1 mezin\u00e1rodn\u00ed konference, exkurze, vyd\u00e1v\u00e1 publikace, po\u0159\u00e1d\u00e1 i host\u00ed p\u0159edn\u00e1\u0161ky. Zab\u00fdv\u00e1 se rovn\u011b\u017e prezentac\u00ed \u010desk\u00e9 tvorby v zahrani\u010d\u00ed a uspo\u0159\u00e1dala n\u011bkolik v\u011bt\u0161\u00edch p\u0159ehl\u00eddek sou\u010dasn\u00e9 \u010desk\u00e9 architektonick\u00e9 tvorby. Autorsk\u00e9 v\u00fdstavy se t\u00fdkaj\u00ed aktu\u00e1ln\u00edch t\u00e9mat, portr\u00e9t\u016f renomovan\u00fdch osobnost\u00ed i historie 20. stolet\u00ed. V posledn\u00edch letech se GJF v\u011bnuje tak\u00e9 problematice ve\u0159ejn\u00e9ho prostoru, udr\u017eiteln\u00e9 architektury a konverz\u00ed industri\u00e1ln\u00edch pam\u00e1tek v podob\u011b samostatn\u00fdch v\u00fdstav i festival\u016f.<\/p>\n<p><strong>V\u00fdb\u011br z prezentovan\u00fdch zahrani\u010dn\u00edch ateli\u00e9r\u016f<\/strong> \u2013 Bjarke Ingels Group, Bow-Wow, Querkraft, FOA, J\u00fcrgen Mayer, MVRDV, Riedijk Neutelings, Ren\u00e9 van Zuuk, NL Architects, Bartlett School, Eduardo Souto de Moura, XDGA, Bevk Perovi\u0107, AmP Arquitectos<\/p>\n<p><strong>Vybran\u00e9 \u010desk\u00e9 v\u00fdstavy<\/strong> \u2013 Anton\u00edn Raymond 7\u00d7, V\u011bra a Vladim\u00edr Machoninovi, Jan Bo\u010dan, SIAL, Alena \u0160r\u00e1mkov\u00e1, Emil Kr\u00e1l\u00ed\u010dek; Zelen\u00e1 architektura.CZ, Sou\u010dasn\u00fd \u010desk\u00fd industri\u00e1l, Projektil, Kamil Mrva, Aul\u00edk Fi\u0161er architekti, DAM, Zden\u011bk Fr\u00e1nek, A69, New Work, Punk v \u010desk\u00e9 architektu\u0159e<\/p>\n<p><strong>Dlouhodob\u00e9 mezin\u00e1rodn\u00ed projekty<\/strong> \u2013 Landscape festival Praha (krajin\u00e1\u0159sk\u00e1 architektura, landart, p\u0159edn\u00e1\u0161ky zahrani\u010dn\u00edch odborn\u00edk\u016f), Bien\u00e1le experiment\u00e1ln\u00ed architektury (architektura vyu\u017e\u00edvaj\u00edc\u00ed nov\u00e9 technologie a materi\u00e1ly, algoritmy i biologick\u00e9 procesy; v\u00fdstava a mezin\u00e1rodn\u00ed sympozium), Open Air Ar\u00e9na Betl\u00e9msk\u00e9 n\u00e1m\u011bst\u00ed (v\u0161echny oblasti um\u011bn\u00ed ve ve\u0159ejn\u00e9m prostoru, Betl\u00e9msk\u00e1 kulturn\u00ed noc \u2013 spolupr\u00e1ce s okoln\u00edmi kulturn\u00edmi institucemi), V\u00edno a architektura ve st\u0159edn\u00ed Evrop\u011b (exkurze, publikace, mezin\u00e1rodn\u00ed konference, v\u00fdstava)<\/p>\n<p><strong>Festivaly sou\u010dasn\u00e9 \u010desk\u00e9 architektury v zahrani\u010d\u00ed<\/strong> \u2013 Berl\u00edn, Bratislava, Hamburk<\/p>\n<p><strong>Nej\u00fasp\u011b\u0161n\u011bj\u0161\u00ed v\u00fdstavy v zahrani\u010d\u00ed<\/strong> \u2013 \u010cesk\u00fd architektonick\u00fd kubismus (Berl\u00edn, Helsinky, Ko\u0161ice, Lucemburk, Madrid, Mnichov, New York, Pa\u0159\u00ed\u017e, Tokio), Pra\u017esk\u00fd funkcionalismus (Austin, Eindhoven, Haarlem, Lubla\u0148, Madrid, New York, Porto, \u0158ezno, Sofie, Tel Aviv), New Face of Prague (Berl\u00edn, Budape\u0161\u0165, Bukure\u0161\u0165, Bratislava, Dr\u00e1\u017e\u010fany, Hamburk, Sofie, V\u00edde\u0148)<\/p>\n<p><strong>Dal\u0161\u00ed v\u00fdznamn\u00e9 mezin\u00e1rodn\u00ed projekty<\/strong> \u2013 Architektura mimo tradi\u010dn\u00ed centra (dvoulet\u00fd v\u00fdzkumn\u00fd grant ve spolupr\u00e1ci s FUA TU Liberec, konference, exkurze, publikace, workshopy, studijn\u00ed pobyty, v\u00fdstava), Artscape Norway \u2013 prezentace um\u011bn\u00ed a architektury v norsk\u00e9 krajin\u011b a ve\u0159ejn\u00e9m prostoru (v\u00fdstava, filmov\u00fd dokument, videoart, publikace), Pra\u017esk\u00e1 n\u00e1dra\u017e\u00ed (ne)vyu\u017eit\u00e1 (v\u00fdstava a mezin\u00e1rodn\u00ed konference na podporu z\u00e1chrany N\u00e1kladov\u00e9ho n\u00e1dra\u017e\u00ed \u017di\u017ekov)<\/p>\n<p><strong>Zahrani\u010dn\u00ed partne\u0159i<\/strong> \u2013 AEDES v Berl\u00edn\u011b, Muzeum architektury ve Vratislavi, Design Factory v Bratislav\u011b, Slovensk\u00e1 Akad\u00e9mia Vied v Bratislav\u011b, Architekturzentrum Wien, NAi v Rotterdamu, ABC Architectuurcentrum v Haarlemu, Centrum architektury Fuga v Budape\u0161ti, Merano Arte v Meranu, N\u00e1rodn\u00ed muzeum um\u011bn\u00ed, architektury a designu v Oslu, ROM\/KUNST+ARKITEKTUR v Oslu, CCCB v Barcelon\u011b, Victoria &amp; Albert Museum v Lond\u00fdn\u011b<\/p>\n<p><strong>Webov\u00e9 str\u00e1nky<\/strong><br \/>\n<a href=\"http:\/\/www.gjf.cz\/\">http:\/\/www.gjf.cz\/<br \/>\n<\/a><a href=\"http:\/\/slideslive.com\/galerie-jaroslava-fragnera\/landscape-festival-prague-2015\">http:\/\/slideslive.com\/galerie-jaroslava-fragnera\/landscape-festival-prague-2015<\/a><br \/>\n<a href=\"http:\/\/landscape-festival.cz\/\">http:\/\/landscape-festival.cz\/<\/a><br \/>\n<a href=\"http:\/\/wine-architecture.eu\/\">http:\/\/wine-architecture.eu\/<\/a><br \/>\n<a href=\"http:\/\/www.ex-centric.eu\/\">http:\/\/www.ex-centric.eu\/<\/a><br \/>\n<a href=\"http:\/\/www.artscape-norway.eu\">http:\/\/www.artscape-norway.eu<\/a><br \/>\n<a href=\"http:\/\/eabiennial.com\/\">http:\/\/eabiennial.com\/<\/a><br \/>\n<a href=\"http:\/\/eabiennial.org\/\">http:\/\/eabiennial.org\/<\/a><\/p>\n<p><strong>Soci\u00e1ln\u00ed s\u00edt\u011b<\/strong><br \/>\n<a href=\"https:\/\/www.facebook.com\/fragnerka\">https:\/\/www.facebook.com\/fragnerka<\/a><br \/>\n<a href=\"https:\/\/twitter.com\/fragnerka\">https:\/\/twitter.com\/fragnerka<\/a><br \/>\n<a href=\"https:\/\/www.instagram.com\/galeriejaroslavafragnera\/\">https:\/\/www.instagram.com\/galeriejaroslavafragnera\/<\/a><\/p>\n<p><a href=\"http:\/\/www.gjf.cz\" target=\"_blank\"><img loading=\"lazy\" decoding=\"async\" class=\"alignnone wp-image-151\" src=\"http:\/\/www.artscape-norway.eu\/wp-content\/uploads\/2015\/07\/gjf-Logo.jpg\" alt=\"gjf Logo\" width=\"126\" height=\"107\" \/><\/a><\/p>\n","protected":false},"excerpt":{"rendered":"<p>Galerie Jaroslava Fragnera, s\u00eddl\u00edc\u00ed v historick\u00e9m centru Prahy, je jednou z m\u00e1la galeri\u00ed v \u010cesk\u00e9 republice v\u011bnuj\u00edc\u00edch se v\u00fdhradn\u011b prezentaci architektury. Existuje ji\u017e d\u00e9le ne\u017e&#8230;<\/p>\n","protected":false},"author":1,"featured_media":0,"parent":0,"menu_order":0,"comment_status":"closed","ping_status":"closed","template":"page-template-fullwidth.php","meta":{"om_disable_all_campaigns":false,"_monsterinsights_skip_tracking":false,"_monsterinsights_sitenote_active":false,"_monsterinsights_sitenote_note":"","_monsterinsights_sitenote_category":0,"ngg_post_thumbnail":0,"footnotes":""},"class_list":["post-11","page","type-page","status-publish","hentry"],"aioseo_notices":[],"_links":{"self":[{"href":"https:\/\/www.artscape-norway.eu\/index.php?rest_route=\/wp\/v2\/pages\/11","targetHints":{"allow":["GET"]}}],"collection":[{"href":"https:\/\/www.artscape-norway.eu\/index.php?rest_route=\/wp\/v2\/pages"}],"about":[{"href":"https:\/\/www.artscape-norway.eu\/index.php?rest_route=\/wp\/v2\/types\/page"}],"author":[{"embeddable":true,"href":"https:\/\/www.artscape-norway.eu\/index.php?rest_route=\/wp\/v2\/users\/1"}],"replies":[{"embeddable":true,"href":"https:\/\/www.artscape-norway.eu\/index.php?rest_route=%2Fwp%2Fv2%2Fcomments&post=11"}],"version-history":[{"count":4,"href":"https:\/\/www.artscape-norway.eu\/index.php?rest_route=\/wp\/v2\/pages\/11\/revisions"}],"predecessor-version":[{"id":984,"href":"https:\/\/www.artscape-norway.eu\/index.php?rest_route=\/wp\/v2\/pages\/11\/revisions\/984"}],"wp:attachment":[{"href":"https:\/\/www.artscape-norway.eu\/index.php?rest_route=%2Fwp%2Fv2%2Fmedia&parent=11"}],"curies":[{"name":"wp","href":"https:\/\/api.w.org\/{rel}","templated":true}]}}