{"id":1124,"date":"2016-02-09T13:21:44","date_gmt":"2016-02-09T12:21:44","guid":{"rendered":"http:\/\/www.artscape-norway.eu\/?page_id=1124"},"modified":"2016-02-09T13:34:21","modified_gmt":"2016-02-09T12:34:21","slug":"jarle-waehler","status":"publish","type":"page","link":"https:\/\/www.artscape-norway.eu\/?page_id=1124","title":{"rendered":"Jarle Waehler"},"content":{"rendered":"<p><img loading=\"lazy\" decoding=\"async\" class=\"alignnone wp-image-1118\" src=\"http:\/\/www.artscape-norway.eu\/wp-content\/uploads\/2015\/10\/portrety52.jpg\" alt=\"portrety5\" width=\"215\" height=\"215\" srcset=\"https:\/\/www.artscape-norway.eu\/wp-content\/uploads\/2015\/10\/portrety52.jpg 1042w, https:\/\/www.artscape-norway.eu\/wp-content\/uploads\/2015\/10\/portrety52-150x150.jpg 150w, https:\/\/www.artscape-norway.eu\/wp-content\/uploads\/2015\/10\/portrety52-300x300.jpg 300w, https:\/\/www.artscape-norway.eu\/wp-content\/uploads\/2015\/10\/portrety52-1024x1024.jpg 1024w\" sizes=\"auto, (max-width: 215px) 100vw, 215px\" \/><\/p>\n<p>Jarle W\u00e6hler (1950) Fotograf na voln\u00e9 noze, dokumentace pro archiv NTR.<\/p>\n<p>Od roku 2007: Archiv\u00e1\u0159 fotografi\u00ed pro N\u00e1rodn\u00ed turistick\u00e9 trasy v Norsku \/ Spr\u00e1va norsk\u00fdch\u00a0ve\u0159ejn\u00fdch komunikac\u00ed.<\/p>\n","protected":false},"excerpt":{"rendered":"<p>Jarle W\u00e6hler (1950) Fotograf na voln\u00e9 noze, dokumentace pro archiv NTR. Od roku 2007: Archiv\u00e1\u0159 fotografi\u00ed pro N\u00e1rodn\u00ed turistick\u00e9 trasy v Norsku \/ Spr\u00e1va norsk\u00fdch\u00a0ve\u0159ejn\u00fdch&#8230;<\/p>\n","protected":false},"author":2,"featured_media":0,"parent":187,"menu_order":0,"comment_status":"closed","ping_status":"closed","template":"page-template-fullwidth.php","meta":{"om_disable_all_campaigns":false,"_monsterinsights_skip_tracking":false,"_monsterinsights_sitenote_active":false,"_monsterinsights_sitenote_note":"","_monsterinsights_sitenote_category":0,"ngg_post_thumbnail":0,"footnotes":""},"class_list":["post-1124","page","type-page","status-publish","hentry"],"aioseo_notices":[],"_links":{"self":[{"href":"https:\/\/www.artscape-norway.eu\/index.php?rest_route=\/wp\/v2\/pages\/1124","targetHints":{"allow":["GET"]}}],"collection":[{"href":"https:\/\/www.artscape-norway.eu\/index.php?rest_route=\/wp\/v2\/pages"}],"about":[{"href":"https:\/\/www.artscape-norway.eu\/index.php?rest_route=\/wp\/v2\/types\/page"}],"author":[{"embeddable":true,"href":"https:\/\/www.artscape-norway.eu\/index.php?rest_route=\/wp\/v2\/users\/2"}],"replies":[{"embeddable":true,"href":"https:\/\/www.artscape-norway.eu\/index.php?rest_route=%2Fwp%2Fv2%2Fcomments&post=1124"}],"version-history":[{"count":3,"href":"https:\/\/www.artscape-norway.eu\/index.php?rest_route=\/wp\/v2\/pages\/1124\/revisions"}],"predecessor-version":[{"id":1131,"href":"https:\/\/www.artscape-norway.eu\/index.php?rest_route=\/wp\/v2\/pages\/1124\/revisions\/1131"}],"up":[{"embeddable":true,"href":"https:\/\/www.artscape-norway.eu\/index.php?rest_route=\/wp\/v2\/pages\/187"}],"wp:attachment":[{"href":"https:\/\/www.artscape-norway.eu\/index.php?rest_route=%2Fwp%2Fv2%2Fmedia&parent=1124"}],"curies":[{"name":"wp","href":"https:\/\/api.w.org\/{rel}","templated":true}]}}