{"id":1179,"date":"2016-02-17T19:11:44","date_gmt":"2016-02-17T18:11:44","guid":{"rendered":"http:\/\/www.artscape-norway.eu\/?page_id=1179"},"modified":"2016-02-17T19:16:31","modified_gmt":"2016-02-17T18:16:31","slug":"tone-myskja","status":"publish","type":"page","link":"https:\/\/www.artscape-norway.eu\/?page_id=1179","title":{"rendered":"Tone Myskja"},"content":{"rendered":"<p><a href=\"http:\/\/www.artscape-norway.eu\/wp-content\/uploads\/2015\/10\/portrety17.jpg\"><img loading=\"lazy\" decoding=\"async\" class=\"alignnone wp-image-1071\" src=\"http:\/\/www.artscape-norway.eu\/wp-content\/uploads\/2015\/10\/portrety17.jpg\" alt=\"portrety17\" width=\"215\" height=\"215\" srcset=\"https:\/\/www.artscape-norway.eu\/wp-content\/uploads\/2015\/10\/portrety17.jpg 1042w, https:\/\/www.artscape-norway.eu\/wp-content\/uploads\/2015\/10\/portrety17-150x150.jpg 150w, https:\/\/www.artscape-norway.eu\/wp-content\/uploads\/2015\/10\/portrety17-300x300.jpg 300w, https:\/\/www.artscape-norway.eu\/wp-content\/uploads\/2015\/10\/portrety17-1024x1024.jpg 1024w\" sizes=\"auto, (max-width: 215px) 100vw, 215px\" \/><\/a><\/p>\n<p>Tone Myskja je norsk\u00e1 v\u00fdtvarn\u00e1 um\u011blkyn\u011b. Ve sv\u00e9 pr\u00e1ci vyu\u017e\u00edv\u00e1 video jako vizu\u00e1ln\u00ed a socha\u0159sk\u00fd prvek tvo\u0159\u00edc\u00ed sou\u010d\u00e1st v\u00fdstav, koncert\u016f a p\u00f3diov\u00fdch vystoupen\u00ed. Na um\u011bleck\u00fdch \u0161kol\u00e1ch v\u00a0Oslu, Antverp\u00e1ch a Lond\u00fdn\u011b studovala sc\u00e9nografii, socha\u0159stv\u00ed a vyu\u017eit\u00ed videa a multim\u00e9di\u00ed ve v\u00fdtvarn\u00e9m um\u011bn\u00ed. V\u00a0pr\u00e1ci s\u00a0v\u00fdtvarn\u00fdmi d\u00edly i videoz\u00e1znamy vyu\u017e\u00edv\u00e1 postupy ze socha\u0159sk\u00e9ho a hudebn\u00edho odv\u011btv\u00ed, vytv\u00e1\u0159\u00ed komplexn\u00ed a strukturovan\u00e9 videoz\u00e1znamy a instalace. Jej\u00ed pr\u00e1ce se pohybuje na pomez\u00ed cel\u00e9 \u0159ady um\u011bleck\u00fdch discipl\u00edn, autorka vych\u00e1z\u00ed z\u00a0hlubok\u00e9ho z\u00e1jmu o hudbu, tanec, divadlo, literaturu, mal\u00ed\u0159stv\u00ed i socha\u0159stv\u00ed.<\/p>\n<p>Po tematick\u00e9 str\u00e1nce se soust\u0159ed\u00ed p\u0159edev\u0161\u00edm na komplexn\u00ed povahu jazyka, identity a vn\u00edm\u00e1n\u00ed.<\/p>\n","protected":false},"excerpt":{"rendered":"<p>Tone Myskja je norsk\u00e1 v\u00fdtvarn\u00e1 um\u011blkyn\u011b. Ve sv\u00e9 pr\u00e1ci vyu\u017e\u00edv\u00e1 video jako vizu\u00e1ln\u00ed a socha\u0159sk\u00fd prvek tvo\u0159\u00edc\u00ed sou\u010d\u00e1st v\u00fdstav, koncert\u016f a p\u00f3diov\u00fdch vystoupen\u00ed. Na um\u011bleck\u00fdch&#8230;<\/p>\n","protected":false},"author":2,"featured_media":0,"parent":187,"menu_order":0,"comment_status":"closed","ping_status":"closed","template":"page-template-fullwidth.php","meta":{"om_disable_all_campaigns":false,"_monsterinsights_skip_tracking":false,"_monsterinsights_sitenote_active":false,"_monsterinsights_sitenote_note":"","_monsterinsights_sitenote_category":0,"ngg_post_thumbnail":0,"footnotes":""},"class_list":["post-1179","page","type-page","status-publish","hentry"],"aioseo_notices":[],"_links":{"self":[{"href":"https:\/\/www.artscape-norway.eu\/index.php?rest_route=\/wp\/v2\/pages\/1179","targetHints":{"allow":["GET"]}}],"collection":[{"href":"https:\/\/www.artscape-norway.eu\/index.php?rest_route=\/wp\/v2\/pages"}],"about":[{"href":"https:\/\/www.artscape-norway.eu\/index.php?rest_route=\/wp\/v2\/types\/page"}],"author":[{"embeddable":true,"href":"https:\/\/www.artscape-norway.eu\/index.php?rest_route=\/wp\/v2\/users\/2"}],"replies":[{"embeddable":true,"href":"https:\/\/www.artscape-norway.eu\/index.php?rest_route=%2Fwp%2Fv2%2Fcomments&post=1179"}],"version-history":[{"count":1,"href":"https:\/\/www.artscape-norway.eu\/index.php?rest_route=\/wp\/v2\/pages\/1179\/revisions"}],"predecessor-version":[{"id":1181,"href":"https:\/\/www.artscape-norway.eu\/index.php?rest_route=\/wp\/v2\/pages\/1179\/revisions\/1181"}],"up":[{"embeddable":true,"href":"https:\/\/www.artscape-norway.eu\/index.php?rest_route=\/wp\/v2\/pages\/187"}],"wp:attachment":[{"href":"https:\/\/www.artscape-norway.eu\/index.php?rest_route=%2Fwp%2Fv2%2Fmedia&parent=1179"}],"curies":[{"name":"wp","href":"https:\/\/api.w.org\/{rel}","templated":true}]}}