{"id":180,"date":"2015-10-01T16:19:57","date_gmt":"2015-10-01T14:19:57","guid":{"rendered":"http:\/\/www.artscape-norway.eu\/?page_id=180"},"modified":"2016-01-13T16:25:03","modified_gmt":"2016-01-13T15:25:03","slug":"dokument","status":"publish","type":"page","link":"https:\/\/www.artscape-norway.eu\/?page_id=180","title":{"rendered":"dokument"},"content":{"rendered":"<div style=\"text-algn:left\"><span style=\"display:inline-block;text-align:center;\"><iframe allow=\"autoplay\" class=\"youtube_embed_iframe\"    allowFullScreen=\"true\" style=\"width:960px; height:540px\" src=\"https:\/\/www.youtube.com\/embed\/2ws5y-OqDpg?autoplay=0&theme=dark&loop=0&fs=1&showinfo=1&modestbranding=1&iv_load_policy=1&color=white&autohide=1&disablekb=0&enablejsapi=1&version=3\"><\/iframe><\/span><\/div>\n<p>&nbsp;<\/p>\n<p>re\u017eie dokumentu\/ \u00a0<a href=\"http:\/\/www.artscape-norway.eu\/?page_id=596\">JAN STREJCOVSK\u00dd<\/a><\/p>\n<p>sc\u00e9n\u00e1\u0159\/ <a href=\"http:\/\/www.artscape-norway.eu\/?page_id=556\">DAN MERTA<\/a><\/p>\n<p>kamera\/ <a href=\"http:\/\/www.artscape-norway.eu\/?page_id=721\">FILIP MAREK<\/a><\/p>\n<p>dramaturgie\/ <a href=\"http:\/\/www.artscape-norway.eu\/?page_id=877\">KRIST\u00ddNA STREJCOVSK\u00c1<\/a>, MICHAL\u00a0B\u00d6HM<\/p>\n<p>produkce\/ GALERIE JAROSLAVA FRAGNERA<\/p>\n","protected":false},"excerpt":{"rendered":"<p>&nbsp; re\u017eie dokumentu\/ \u00a0JAN STREJCOVSK\u00dd sc\u00e9n\u00e1\u0159\/ DAN MERTA kamera\/ FILIP MAREK dramaturgie\/ KRIST\u00ddNA STREJCOVSK\u00c1, MICHAL\u00a0B\u00d6HM produkce\/ GALERIE JAROSLAVA FRAGNERA<\/p>\n","protected":false},"author":2,"featured_media":0,"parent":0,"menu_order":0,"comment_status":"closed","ping_status":"closed","template":"page-template-fullwidth.php","meta":{"om_disable_all_campaigns":false,"_monsterinsights_skip_tracking":false,"_monsterinsights_sitenote_active":false,"_monsterinsights_sitenote_note":"","_monsterinsights_sitenote_category":0,"ngg_post_thumbnail":0,"footnotes":""},"class_list":["post-180","page","type-page","status-publish","hentry"],"aioseo_notices":[],"_links":{"self":[{"href":"https:\/\/www.artscape-norway.eu\/index.php?rest_route=\/wp\/v2\/pages\/180","targetHints":{"allow":["GET"]}}],"collection":[{"href":"https:\/\/www.artscape-norway.eu\/index.php?rest_route=\/wp\/v2\/pages"}],"about":[{"href":"https:\/\/www.artscape-norway.eu\/index.php?rest_route=\/wp\/v2\/types\/page"}],"author":[{"embeddable":true,"href":"https:\/\/www.artscape-norway.eu\/index.php?rest_route=\/wp\/v2\/users\/2"}],"replies":[{"embeddable":true,"href":"https:\/\/www.artscape-norway.eu\/index.php?rest_route=%2Fwp%2Fv2%2Fcomments&post=180"}],"version-history":[{"count":22,"href":"https:\/\/www.artscape-norway.eu\/index.php?rest_route=\/wp\/v2\/pages\/180\/revisions"}],"predecessor-version":[{"id":890,"href":"https:\/\/www.artscape-norway.eu\/index.php?rest_route=\/wp\/v2\/pages\/180\/revisions\/890"}],"wp:attachment":[{"href":"https:\/\/www.artscape-norway.eu\/index.php?rest_route=%2Fwp%2Fv2%2Fmedia&parent=180"}],"curies":[{"name":"wp","href":"https:\/\/api.w.org\/{rel}","templated":true}]}}