{"id":573,"date":"2015-10-29T15:09:56","date_gmt":"2015-10-29T14:09:56","guid":{"rendered":"http:\/\/www.artscape-norway.eu\/?page_id=573"},"modified":"2015-10-29T16:14:34","modified_gmt":"2015-10-29T15:14:34","slug":"dan-merta","status":"publish","type":"page","link":"https:\/\/www.artscape-norway.eu\/?page_id=573&lang=en","title":{"rendered":"Dan Merta"},"content":{"rendered":"<p><a href=\"http:\/\/www.artscape-norway.eu\/wp-content\/uploads\/2015\/10\/dm-e1446124053871.png\"><img loading=\"lazy\" decoding=\"async\" class=\"alignleft wp-image-551 size-full\" src=\"http:\/\/www.artscape-norway.eu\/wp-content\/uploads\/2015\/10\/dm-e1446124053871.png\" alt=\"dm\" width=\"215\" height=\"215\" \/><\/a>He studied Art History and Aesthetics at the Philosophical Faculty of Comenius University in Bratislava.<\/p>\n<p>As Curator, he organised exhibitions in Prague Castle (E. Dietmann, Ch. Boltanski, K. Gebauer, A. Gormley, Laureates of Jind\u0159ich Chalupeck\u00fd Award, V. Fiala etc.), in the Gallery of the Raiffeisen Building Society (J. \u010cernick\u00fd, K. Nepra\u0161, J. Sopko, J. R\u00f3na, M. Mainer, T. C\u00edsa\u0159ovsk\u00fd, J. David, R. Franta, J. Na\u010deradsk\u00fd, V. Kokolia, J. Votruba, M. Rittstein), and co-curated the tour of Machat and Vel\u00ed\u0161ek (1992).<\/p>\n<p>Between 1999 and 2008, he was Secretary of the Jind\u0159ich Chalupeck\u00fd Society (producing and curating the Award for young Czech artists under 35 years of age).<\/p>\n<p>Between 1996 and 2000, he was employed as Head of the Department of Culture of the Prague 3 &#8211; \u017di\u017ekov city district, where he co-founded the modern tradition of cultural-social bacchanalia: \u017di\u017ekov Shrovetide and the Vinohrady Grape Harvest.<\/p>\n<p>He was one of the initiators and founders of the Iniciativa Za novou Prahu (Initiative for New Prague) and Tady nen\u00ed developerovo (This is not developers&#8216; land) (2011).<\/p>\n<p>Since 2001, he has managed the Jaroslav Fragner Gallery where he defended his position in a selection procedure in 2010.<\/p>\n<p>&nbsp;<\/p>\n","protected":false},"excerpt":{"rendered":"<p>He studied Art History and Aesthetics at the Philosophical Faculty of Comenius University in Bratislava. As Curator, he organised exhibitions in Prague Castle (E. Dietmann,&#8230;<\/p>\n","protected":false},"author":2,"featured_media":0,"parent":189,"menu_order":0,"comment_status":"closed","ping_status":"closed","template":"page-template-fullwidth.php","meta":{"om_disable_all_campaigns":false,"_monsterinsights_skip_tracking":false,"_monsterinsights_sitenote_active":false,"_monsterinsights_sitenote_note":"","_monsterinsights_sitenote_category":0,"ngg_post_thumbnail":0,"footnotes":""},"class_list":["post-573","page","type-page","status-publish","hentry"],"aioseo_notices":[],"_links":{"self":[{"href":"https:\/\/www.artscape-norway.eu\/index.php?rest_route=\/wp\/v2\/pages\/573","targetHints":{"allow":["GET"]}}],"collection":[{"href":"https:\/\/www.artscape-norway.eu\/index.php?rest_route=\/wp\/v2\/pages"}],"about":[{"href":"https:\/\/www.artscape-norway.eu\/index.php?rest_route=\/wp\/v2\/types\/page"}],"author":[{"embeddable":true,"href":"https:\/\/www.artscape-norway.eu\/index.php?rest_route=\/wp\/v2\/users\/2"}],"replies":[{"embeddable":true,"href":"https:\/\/www.artscape-norway.eu\/index.php?rest_route=%2Fwp%2Fv2%2Fcomments&post=573"}],"version-history":[{"count":2,"href":"https:\/\/www.artscape-norway.eu\/index.php?rest_route=\/wp\/v2\/pages\/573\/revisions"}],"predecessor-version":[{"id":611,"href":"https:\/\/www.artscape-norway.eu\/index.php?rest_route=\/wp\/v2\/pages\/573\/revisions\/611"}],"up":[{"embeddable":true,"href":"https:\/\/www.artscape-norway.eu\/index.php?rest_route=\/wp\/v2\/pages\/189"}],"wp:attachment":[{"href":"https:\/\/www.artscape-norway.eu\/index.php?rest_route=%2Fwp%2Fv2%2Fmedia&parent=573"}],"curies":[{"name":"wp","href":"https:\/\/api.w.org\/{rel}","templated":true}]}}