{"id":781,"date":"2016-01-12T18:29:28","date_gmt":"2016-01-12T17:29:28","guid":{"rendered":"http:\/\/www.artscape-norway.eu\/?page_id=781"},"modified":"2016-01-12T18:56:34","modified_gmt":"2016-01-12T17:56:34","slug":"kristoffer-dolmen","status":"publish","type":"page","link":"https:\/\/www.artscape-norway.eu\/?page_id=781","title":{"rendered":"Kristoffer Dolmen"},"content":{"rendered":"<p><a href=\"http:\/\/www.artscape-norway.eu\/wp-content\/uploads\/2015\/10\/portrety13.jpg\"><img loading=\"lazy\" decoding=\"async\" class=\"alignnone wp-image-757\" src=\"http:\/\/www.artscape-norway.eu\/wp-content\/uploads\/2015\/10\/portrety13.jpg\" alt=\"portrety13\" width=\"215\" height=\"215\" srcset=\"https:\/\/www.artscape-norway.eu\/wp-content\/uploads\/2015\/10\/portrety13.jpg 1042w, https:\/\/www.artscape-norway.eu\/wp-content\/uploads\/2015\/10\/portrety13-150x150.jpg 150w, https:\/\/www.artscape-norway.eu\/wp-content\/uploads\/2015\/10\/portrety13-300x300.jpg 300w, https:\/\/www.artscape-norway.eu\/wp-content\/uploads\/2015\/10\/portrety13-1024x1024.jpg 1024w\" sizes=\"auto, (max-width: 215px) 100vw, 215px\" \/><\/a><\/p>\n<p>Kristoffer Dolmen (NO) \u017eije v Bod\u00f8\/Norsko. Vystudoval d\u011bjiny um\u011bn\u00ed a kulturn\u00ed studia na Universit\u011b\u00a0v\u00a0Bergenu a Stockholmu. V sou\u010dasn\u00e9 dob\u011b\u00a0studuje magistersk\u00fd program kur\u00e1torstv\u00ed\u00a0(2015-17) na\u00a0Bergen\u00a0Academy\u00a0of Art and\u00a0Design. Je zam\u011bstnan\u00fd na odd\u011blen\u00ed\u00a0um\u011bn\u00ed a kultury v \u00a0norsk\u00e9 krajsk\u00e9 rad\u011b, kde pracuje jako vedouc\u00ed projektu pro r\u016fzn\u00e9 v\u00fdstavy, semin\u00e1\u0159e a um\u011bn\u00ed ve ve\u0159ejn\u00e9m prostoru a pro mezin\u00e1rodn\u00ed spolupr\u00e1ce.<\/p>\n","protected":false},"excerpt":{"rendered":"<p>Kristoffer Dolmen (NO) \u017eije v Bod\u00f8\/Norsko. Vystudoval d\u011bjiny um\u011bn\u00ed a kulturn\u00ed studia na Universit\u011b\u00a0v\u00a0Bergenu a Stockholmu. V sou\u010dasn\u00e9 dob\u011b\u00a0studuje magistersk\u00fd program kur\u00e1torstv\u00ed\u00a0(2015-17) na\u00a0Bergen\u00a0Academy\u00a0of Art and\u00a0Design&#8230;.<\/p>\n","protected":false},"author":2,"featured_media":0,"parent":187,"menu_order":0,"comment_status":"closed","ping_status":"closed","template":"page-template-fullwidth.php","meta":{"om_disable_all_campaigns":false,"_monsterinsights_skip_tracking":false,"_monsterinsights_sitenote_active":false,"_monsterinsights_sitenote_note":"","_monsterinsights_sitenote_category":0,"ngg_post_thumbnail":0,"footnotes":""},"class_list":["post-781","page","type-page","status-publish","hentry"],"aioseo_notices":[],"_links":{"self":[{"href":"https:\/\/www.artscape-norway.eu\/index.php?rest_route=\/wp\/v2\/pages\/781","targetHints":{"allow":["GET"]}}],"collection":[{"href":"https:\/\/www.artscape-norway.eu\/index.php?rest_route=\/wp\/v2\/pages"}],"about":[{"href":"https:\/\/www.artscape-norway.eu\/index.php?rest_route=\/wp\/v2\/types\/page"}],"author":[{"embeddable":true,"href":"https:\/\/www.artscape-norway.eu\/index.php?rest_route=\/wp\/v2\/users\/2"}],"replies":[{"embeddable":true,"href":"https:\/\/www.artscape-norway.eu\/index.php?rest_route=%2Fwp%2Fv2%2Fcomments&post=781"}],"version-history":[{"count":3,"href":"https:\/\/www.artscape-norway.eu\/index.php?rest_route=\/wp\/v2\/pages\/781\/revisions"}],"predecessor-version":[{"id":787,"href":"https:\/\/www.artscape-norway.eu\/index.php?rest_route=\/wp\/v2\/pages\/781\/revisions\/787"}],"up":[{"embeddable":true,"href":"https:\/\/www.artscape-norway.eu\/index.php?rest_route=\/wp\/v2\/pages\/187"}],"wp:attachment":[{"href":"https:\/\/www.artscape-norway.eu\/index.php?rest_route=%2Fwp%2Fv2%2Fmedia&parent=781"}],"curies":[{"name":"wp","href":"https:\/\/api.w.org\/{rel}","templated":true}]}}