{"id":936,"date":"2016-01-13T19:13:25","date_gmt":"2016-01-13T18:13:25","guid":{"rendered":"http:\/\/www.artscape-norway.eu\/?page_id=936"},"modified":"2016-02-02T17:32:47","modified_gmt":"2016-02-02T16:32:47","slug":"odkazy","status":"publish","type":"page","link":"https:\/\/www.artscape-norway.eu\/?page_id=936","title":{"rendered":"odkazy"},"content":{"rendered":"<p>ROM<br \/>\n<a href=\"http:\/\/www.r-o-m.no\" target=\"_blank\">www.r-o-m.no<\/a><\/p>\n<p>N\u00e1rodn\u00ed turistick\u00e9 trasy v Norsku<br \/>\n<a href=\"http:\/\/www.nasjonaleturistveger.no\" target=\"_blank\">www.nasjonaleturistveger.no<\/a><\/p>\n<p>N\u00e1rodn\u00ed muzeum um\u011bn\u00ed, architektury a designu v Oslu<br \/>\n<a href=\"http:\/\/www.nasjonalmuseet.no\" target=\"_blank\">www.nasjonalmuseet.no<\/a><\/p>\n<p>\u0160kola architektury v Bergenu<br \/>\n<a href=\"http:\/\/www.bas.org\" target=\"_blank\">www.bas.org<\/a><\/p>\n<p>Artscape Nordland<br \/>\n<a href=\"http:\/\/www.skulpturlandskap.no\" target=\"_blank\">www.skulpturlandskap.no<\/a><\/p>\n<p>KORO<br \/>\n<a href=\"http:\/\/www.publicartnorway.org\" target=\"_blank\">www.publicartnorway.org<\/a><\/p>\n<p>SALT<br \/>\n<a href=\"http:\/\/www.salted.no\" target=\"_blank\">www.salted.no<\/a><\/p>\n<p>Skulpturstopp<br \/>\n<a href=\"http:\/\/www.skulpturstopp.no\" target=\"_blank\">www.skulpturstopp.no<\/a><\/p>\n<p>Socha\u0159sk\u00fd park Gustava Vigelanda<br \/>\n<a href=\"http:\/\/www.vigeland.museum.no\/en\/vigeland-park\" target=\"_blank\">www.vigeland.museum.no\/en\/vigeland-park<\/a><\/p>\n<p>Socha\u0159sk\u00fd park Ekeber<br \/>\n<a href=\"http:\/\/www.ekebergparken.com\" target=\"_blank\">www.ekebergparken.com<\/a><\/p>\n<p>Socha\u0159sk\u00fd park Kistefos<br \/>\n<a href=\"http:\/\/www.kistefos.museum.no\/skulpturpark\" target=\"_blank\">www.kistefos.museum.no\/skulpturpark<\/a><\/p>\n<p>Astrup Fearnley Museum of Modern Art<br \/>\n<a href=\"http:\/\/www.afmuseet.no\" target=\"_blank\">www.afmuseet.no<\/a><\/p>\n<p>Tone Myskja<br \/>\n<a href=\"http:\/\/www.tonemyskja.com\/\">http:\/\/www.tonemyskja.com\/<\/a><\/p>\n","protected":false},"excerpt":{"rendered":"<p>ROM www.r-o-m.no N\u00e1rodn\u00ed turistick\u00e9 trasy v Norsku www.nasjonaleturistveger.no N\u00e1rodn\u00ed muzeum um\u011bn\u00ed, architektury a designu v Oslu www.nasjonalmuseet.no \u0160kola architektury v Bergenu www.bas.org Artscape Nordland www.skulpturlandskap.no&#8230;<\/p>\n","protected":false},"author":2,"featured_media":0,"parent":0,"menu_order":0,"comment_status":"closed","ping_status":"closed","template":"page-template-fullwidth.php","meta":{"om_disable_all_campaigns":false,"_monsterinsights_skip_tracking":false,"_monsterinsights_sitenote_active":false,"_monsterinsights_sitenote_note":"","_monsterinsights_sitenote_category":0,"ngg_post_thumbnail":0,"footnotes":""},"class_list":["post-936","page","type-page","status-publish","hentry"],"aioseo_notices":[],"_links":{"self":[{"href":"https:\/\/www.artscape-norway.eu\/index.php?rest_route=\/wp\/v2\/pages\/936","targetHints":{"allow":["GET"]}}],"collection":[{"href":"https:\/\/www.artscape-norway.eu\/index.php?rest_route=\/wp\/v2\/pages"}],"about":[{"href":"https:\/\/www.artscape-norway.eu\/index.php?rest_route=\/wp\/v2\/types\/page"}],"author":[{"embeddable":true,"href":"https:\/\/www.artscape-norway.eu\/index.php?rest_route=\/wp\/v2\/users\/2"}],"replies":[{"embeddable":true,"href":"https:\/\/www.artscape-norway.eu\/index.php?rest_route=%2Fwp%2Fv2%2Fcomments&post=936"}],"version-history":[{"count":15,"href":"https:\/\/www.artscape-norway.eu\/index.php?rest_route=\/wp\/v2\/pages\/936\/revisions"}],"predecessor-version":[{"id":1062,"href":"https:\/\/www.artscape-norway.eu\/index.php?rest_route=\/wp\/v2\/pages\/936\/revisions\/1062"}],"wp:attachment":[{"href":"https:\/\/www.artscape-norway.eu\/index.php?rest_route=%2Fwp%2Fv2%2Fmedia&parent=936"}],"curies":[{"name":"wp","href":"https:\/\/api.w.org\/{rel}","templated":true}]}}