{"id":955,"date":"2016-01-14T14:13:24","date_gmt":"2016-01-14T13:13:24","guid":{"rendered":"http:\/\/www.artscape-norway.eu\/?page_id=955"},"modified":"2016-01-14T14:22:21","modified_gmt":"2016-01-14T13:22:21","slug":"filip-slapal","status":"publish","type":"page","link":"https:\/\/www.artscape-norway.eu\/?page_id=955","title":{"rendered":"Filip \u0160lapal"},"content":{"rendered":"<p><a href=\"http:\/\/www.artscape-norway.eu\/wp-content\/uploads\/2015\/10\/portrety2.jpg\"><img loading=\"lazy\" decoding=\"async\" class=\"alignnone wp-image-951\" src=\"http:\/\/www.artscape-norway.eu\/wp-content\/uploads\/2015\/10\/portrety2.jpg\" alt=\"portrety2\" width=\"215\" height=\"215\" srcset=\"https:\/\/www.artscape-norway.eu\/wp-content\/uploads\/2015\/10\/portrety2.jpg 1042w, https:\/\/www.artscape-norway.eu\/wp-content\/uploads\/2015\/10\/portrety2-150x150.jpg 150w, https:\/\/www.artscape-norway.eu\/wp-content\/uploads\/2015\/10\/portrety2-300x300.jpg 300w, https:\/\/www.artscape-norway.eu\/wp-content\/uploads\/2015\/10\/portrety2-1024x1024.jpg 1024w\" sizes=\"auto, (max-width: 215px) 100vw, 215px\" \/><\/a><\/p>\n<p>Filip \u0160lapal se narodil v roce 1972 v Praze.<\/p>\n<p>Svou kari\u00e9ru fotografa zapo\u010dal v roce 1993 na Vysok\u00e9 \u0161kole um\u011blecko pr\u016fmyslove v Praze, kterou dokon\u010dil v roce 1998. Sv\u00e9 vlastn\u00ed studio zam\u011b\u0159en\u00e9 p\u0159edev\u0161\u00edm na fotografe designu a architektury otev\u0159el v Praze roku 1997. Jeho prvn\u00ed publikace Zlat\u00fd And\u011bl, Jean Novel in Prague vy\u0161la roku 2000. Jeho fotografie byly publikov\u00e1ny v mnoha mezin\u00e1rodn\u00edch maz\u00ednech jako A10, Abitare,\u00a0Domus, Dolce Vita, Elle, Elle Decoration,\u00a0Esquire, Frame,Wall Paper a mnoho dal\u0161\u00edch.<\/p>\n<p>\u017dije v Praze.<\/p>\n<p>&nbsp;<\/p>\n","protected":false},"excerpt":{"rendered":"<p>Filip \u0160lapal se narodil v roce 1972 v Praze. Svou kari\u00e9ru fotografa zapo\u010dal v roce 1993 na Vysok\u00e9 \u0161kole um\u011blecko pr\u016fmyslove v Praze, kterou dokon\u010dil&#8230;<\/p>\n","protected":false},"author":2,"featured_media":0,"parent":187,"menu_order":0,"comment_status":"closed","ping_status":"closed","template":"page-template-fullwidth.php","meta":{"om_disable_all_campaigns":false,"_monsterinsights_skip_tracking":false,"_monsterinsights_sitenote_active":false,"_monsterinsights_sitenote_note":"","_monsterinsights_sitenote_category":0,"ngg_post_thumbnail":0,"footnotes":""},"class_list":["post-955","page","type-page","status-publish","hentry"],"aioseo_notices":[],"_links":{"self":[{"href":"https:\/\/www.artscape-norway.eu\/index.php?rest_route=\/wp\/v2\/pages\/955","targetHints":{"allow":["GET"]}}],"collection":[{"href":"https:\/\/www.artscape-norway.eu\/index.php?rest_route=\/wp\/v2\/pages"}],"about":[{"href":"https:\/\/www.artscape-norway.eu\/index.php?rest_route=\/wp\/v2\/types\/page"}],"author":[{"embeddable":true,"href":"https:\/\/www.artscape-norway.eu\/index.php?rest_route=\/wp\/v2\/users\/2"}],"replies":[{"embeddable":true,"href":"https:\/\/www.artscape-norway.eu\/index.php?rest_route=%2Fwp%2Fv2%2Fcomments&post=955"}],"version-history":[{"count":3,"href":"https:\/\/www.artscape-norway.eu\/index.php?rest_route=\/wp\/v2\/pages\/955\/revisions"}],"predecessor-version":[{"id":963,"href":"https:\/\/www.artscape-norway.eu\/index.php?rest_route=\/wp\/v2\/pages\/955\/revisions\/963"}],"up":[{"embeddable":true,"href":"https:\/\/www.artscape-norway.eu\/index.php?rest_route=\/wp\/v2\/pages\/187"}],"wp:attachment":[{"href":"https:\/\/www.artscape-norway.eu\/index.php?rest_route=%2Fwp%2Fv2%2Fmedia&parent=955"}],"curies":[{"name":"wp","href":"https:\/\/api.w.org\/{rel}","templated":true}]}}