{"id":999,"date":"2016-01-15T16:34:06","date_gmt":"2016-01-15T15:34:06","guid":{"rendered":"http:\/\/www.artscape-norway.eu\/?page_id=999"},"modified":"2016-01-25T13:46:21","modified_gmt":"2016-01-25T12:46:21","slug":"nina-berre","status":"publish","type":"page","link":"https:\/\/www.artscape-norway.eu\/?page_id=999","title":{"rendered":"Nina Berre"},"content":{"rendered":"<p><a href=\"http:\/\/www.artscape-norway.eu\/wp-content\/uploads\/2015\/10\/portrety122.jpg\"><img loading=\"lazy\" decoding=\"async\" class=\"alignnone wp-image-840\" src=\"http:\/\/www.artscape-norway.eu\/wp-content\/uploads\/2015\/10\/portrety122.jpg\" alt=\"portrety12\" width=\"215\" height=\"215\" srcset=\"https:\/\/www.artscape-norway.eu\/wp-content\/uploads\/2015\/10\/portrety122.jpg 1042w, https:\/\/www.artscape-norway.eu\/wp-content\/uploads\/2015\/10\/portrety122-150x150.jpg 150w, https:\/\/www.artscape-norway.eu\/wp-content\/uploads\/2015\/10\/portrety122-300x300.jpg 300w, https:\/\/www.artscape-norway.eu\/wp-content\/uploads\/2015\/10\/portrety122-1024x1024.jpg 1024w\" sizes=\"auto, (max-width: 215px) 100vw, 215px\" \/><\/a><\/p>\n<p>Architektka a histori\u010dka architektury Nina Berre vystudovala Norskou univerzitu v\u011bdy a technologie. V sou\u010dasnosti pracuje jako \u0159editelka sekce architektury v N\u00e1rodn\u00edm um\u011bleck\u00e9m muzeu um\u011bn\u00ed, architektury a designu a sou\u010dasn\u00e1 p\u0159edsedkyn\u011b rady Architektonick\u00e9ho trien\u00e1le v Oslu. Krom\u011b toho publikuje, p\u016fsob\u00ed jako kur\u00e1torka a pravideln\u011b p\u0159edn\u00e1\u0161\u00ed o modernistick\u00e9 a sou\u010dasn\u00e9 architektu\u0159e. Mezi jej\u00ed kur\u00e1torsk\u00e9 po\u010diny pat\u0159ila nap\u0159\u00edklad v\u00fdstava Formy svobody \u2013 africk\u00e1 nez\u00e1vislost a seversk\u00e9 modely\u201c na ben\u00e1tsk\u00e9m bien\u00e1le v roce 2014.<\/p>\n<p>Jako \u0159editelka norsk\u00e9 Nadace pro architekturu a design (Norsk Form) zodpov\u00eddala za v\u00fdstavu o N\u00e1rodn\u00edch turistick\u00fdch tras\u00e1ch pod n\u00e1zvem \u201cDetour. Architecture and design along 18 National Tourist Routes\u201d, kter\u00e1 se v roce 2006 konala v Oslu a pot\u00e9 v letech 2007 a\u017e 2010 putovala po Evrop\u011b, USA i Asii. V roce 2012 se coby jedna z kur\u00e1torek pod\u00edlela na v\u00fdstav\u011b \u201cViews. Norway Seen from the Road 1733\u20132020\u201d v N\u00e1rodn\u00edm muzeu v\u00fdtvarn\u00e9ho um\u011bn\u00ed, architektury a designu v Oslu.<\/p>\n","protected":false},"excerpt":{"rendered":"<p>Architektka a histori\u010dka architektury Nina Berre vystudovala Norskou univerzitu v\u011bdy a technologie. V sou\u010dasnosti pracuje jako \u0159editelka sekce architektury v N\u00e1rodn\u00edm um\u011bleck\u00e9m muzeu um\u011bn\u00ed, architektury&#8230;<\/p>\n","protected":false},"author":2,"featured_media":0,"parent":187,"menu_order":0,"comment_status":"closed","ping_status":"closed","template":"page-template-fullwidth.php","meta":{"om_disable_all_campaigns":false,"_monsterinsights_skip_tracking":false,"_monsterinsights_sitenote_active":false,"_monsterinsights_sitenote_note":"","_monsterinsights_sitenote_category":0,"ngg_post_thumbnail":0,"footnotes":""},"class_list":["post-999","page","type-page","status-publish","hentry"],"aioseo_notices":[],"_links":{"self":[{"href":"https:\/\/www.artscape-norway.eu\/index.php?rest_route=\/wp\/v2\/pages\/999","targetHints":{"allow":["GET"]}}],"collection":[{"href":"https:\/\/www.artscape-norway.eu\/index.php?rest_route=\/wp\/v2\/pages"}],"about":[{"href":"https:\/\/www.artscape-norway.eu\/index.php?rest_route=\/wp\/v2\/types\/page"}],"author":[{"embeddable":true,"href":"https:\/\/www.artscape-norway.eu\/index.php?rest_route=\/wp\/v2\/users\/2"}],"replies":[{"embeddable":true,"href":"https:\/\/www.artscape-norway.eu\/index.php?rest_route=%2Fwp%2Fv2%2Fcomments&post=999"}],"version-history":[{"count":2,"href":"https:\/\/www.artscape-norway.eu\/index.php?rest_route=\/wp\/v2\/pages\/999\/revisions"}],"predecessor-version":[{"id":1047,"href":"https:\/\/www.artscape-norway.eu\/index.php?rest_route=\/wp\/v2\/pages\/999\/revisions\/1047"}],"up":[{"embeddable":true,"href":"https:\/\/www.artscape-norway.eu\/index.php?rest_route=\/wp\/v2\/pages\/187"}],"wp:attachment":[{"href":"https:\/\/www.artscape-norway.eu\/index.php?rest_route=%2Fwp%2Fv2%2Fmedia&parent=999"}],"curies":[{"name":"wp","href":"https:\/\/api.w.org\/{rel}","templated":true}]}}